{"id":1626,"date":"2024-10-06T15:16:10","date_gmt":"2024-10-06T15:16:10","guid":{"rendered":"https:\/\/wehelp.be\/?page_id=1626"},"modified":"2024-10-06T15:16:37","modified_gmt":"2024-10-06T15:16:37","slug":"cookie-policy","status":"publish","type":"page","link":"https:\/\/wehelp.be\/fr\/politique-en-matiere-de-cookies\/","title":{"rendered":"Politique en mati\u00e8re de cookies"},"content":{"rendered":"<h4 class=\"wp-block-heading\"><strong>Politique en mati\u00e8re de cookies pour WeHelp<\/strong><\/h4>\n\n\n\n<p><strong>Derni\u00e8re mise \u00e0 jour :<\/strong> [Date]<\/p>\n\n\n\n<p>Cette politique en mati\u00e8re de cookies explique comment WeHelp utilise des cookies et des technologies similaires pour am\u00e9liorer votre exp\u00e9rience sur notre site web.<\/p>\n\n\n\n<h4 class=\"wp-block-heading\"><strong>Qu'est-ce qu'un cookie ?<\/strong><\/h4>\n\n\n\n<p>Les cookies sont de petits fichiers texte stock\u00e9s sur votre appareil qui nous aident \u00e0 am\u00e9liorer les fonctionnalit\u00e9s et les performances et \u00e0 offrir une meilleure exp\u00e9rience \u00e0 l'utilisateur.<\/p>\n\n\n\n<h4 class=\"wp-block-heading\"><strong>Types de cookies que nous utilisons<\/strong><\/h4>\n\n\n\n<ul class=\"wp-block-list\">\n<li><strong>Cookies n\u00e9cessaires<\/strong>: Ils sont essentiels au bon fonctionnement du site web (par exemple, la gestion des sessions).<\/li>\n\n\n\n<li><strong>Cookies analytiques<\/strong>: Nous les utilisons pour collecter des donn\u00e9es anonymes sur la mani\u00e8re dont les utilisateurs interagissent avec notre site web (par exemple, les pages consult\u00e9es, le temps pass\u00e9 sur le site).<\/li>\n<\/ul>\n\n\n\n<h4 class=\"wp-block-heading\"><strong>Comment nous utilisons les cookies<\/strong><\/h4>\n\n\n\n<ul class=\"wp-block-list\">\n<li>Pour am\u00e9liorer votre exp\u00e9rience de navigation.<\/li>\n\n\n\n<li>Recueillir des donn\u00e9es analytiques afin d'am\u00e9liorer notre site web et nos services.<\/li>\n<\/ul>\n\n\n\n<h4 class=\"wp-block-heading\"><strong>Gestion des cookies<\/strong><\/h4>\n\n\n\n<p>Vous pouvez g\u00e9rer et bloquer les cookies via les param\u00e8tres de votre navigateur. Veuillez noter que la d\u00e9sactivation des cookies peut affecter la fonctionnalit\u00e9 du site web.<\/p>\n\n\n\n<h4 class=\"wp-block-heading\"><strong>Contactez-Nous<\/strong><\/h4>\n\n\n\n<p>Pour toute question concernant l'utilisation des cookies, contactez-nous \u00e0 l'adresse suivante <strong><a>info@wehelp.be<\/a><\/strong>.<\/p>","protected":false},"excerpt":{"rendered":"<p>Politique en mati\u00e8re de cookies pour WeHelp Derni\u00e8re mise \u00e0 jour : [Date] Cette politique en mati\u00e8re de cookies explique ... <\/p>","protected":false},"author":1,"featured_media":0,"parent":0,"menu_order":9,"comment_status":"closed","ping_status":"closed","template":"","meta":{"footnotes":""},"class_list":["post-1626","page","type-page","status-publish","hentry"],"aioseo_notices":[],"_links":{"self":[{"href":"https:\/\/wehelp.be\/fr\/wp-json\/wp\/v2\/pages\/1626"}],"collection":[{"href":"https:\/\/wehelp.be\/fr\/wp-json\/wp\/v2\/pages"}],"about":[{"href":"https:\/\/wehelp.be\/fr\/wp-json\/wp\/v2\/types\/page"}],"author":[{"embeddable":true,"href":"https:\/\/wehelp.be\/fr\/wp-json\/wp\/v2\/users\/1"}],"replies":[{"embeddable":true,"href":"https:\/\/wehelp.be\/fr\/wp-json\/wp\/v2\/comments?post=1626"}],"version-history":[{"count":1,"href":"https:\/\/wehelp.be\/fr\/wp-json\/wp\/v2\/pages\/1626\/revisions"}],"predecessor-version":[{"id":1627,"href":"https:\/\/wehelp.be\/fr\/wp-json\/wp\/v2\/pages\/1626\/revisions\/1627"}],"wp:attachment":[{"href":"https:\/\/wehelp.be\/fr\/wp-json\/wp\/v2\/media?parent=1626"}],"curies":[{"name":"wp","href":"https:\/\/api.w.org\/{rel}","templated":true}]}}